{"id":1852,"date":"2019-12-19T13:47:32","date_gmt":"2019-12-19T12:47:32","guid":{"rendered":"https:\/\/www.esthetique.paris\/?page_id=1852"},"modified":"2024-10-18T18:12:06","modified_gmt":"2024-10-18T16:12:06","slug":"lower-buttock-lift","status":"publish","type":"page","link":"https:\/\/www.esthetique.paris\/en\/surgical-procedures\/body-contouring\/lower-buttock-lift\/","title":{"rendered":"Lower buttock lift"},"content":{"rendered":"<section class=\"wpb-content-wrapper\"><p>[vc_row full_width=&#8221;stretch_row&#8221; full_height=&#8221;yes&#8221; content_placement=&#8221;middle&#8221; el_id=&#8221;section_intervention&#8221;][vc_column width=&#8221;1\/2&#8243; el_class=&#8221;box_interv__text&#8221;][vc_column_text]<\/p>\n<h1>Lower buttock lift<\/h1>\n<p><strong>Silhouette surgery<\/strong><\/p>\n<p>Some patients are sometimes unhappy with fat rolls located underneath the buttocks, given that they can be visible under clothes. These fat rolls also known as \u00ab banana rolls on the lower buttocks \u00bb (owing to their shape) is often characterized by skin sagging relating to ageing, loss of weight, or induced by a significant liposuction carried out previously.<\/p>\n<p>The lower buttock lift enables to treat excess cutaneous fat on the back of the thighs efficiently.<\/p>\n<p><a class=\"btn_rdv\" href=\"https:\/\/www.doctolib.fr\/chirurgien-plastique\/paris\/arnaud-petit\" target=\"_blank\" rel=\"noopener noreferrer\"><strong>Make an appointment<\/strong><\/a>[\/vc_column_text][\/vc_column][vc_column width=&#8221;1\/2&#8243; el_class=&#8221;box_interv__img&#8221; css=&#8221;.vc_custom_1556038312430{background-image: url(https:\/\/www.esthetique.paris\/wp-content\/uploads\/2019\/04\/lifting-sous-fessier-dr-arnaud-petit-paris.jpg?id=799) !important;background-position: center !important;background-repeat: no-repeat !important;background-size: cover !important;}&#8221;][\/vc_column][\/vc_row][vc_row content_placement=&#8221;top&#8221; el_class=&#8221;second_section_interv&#8221;][vc_column width=&#8221;3\/12&#8243; el_class=&#8221;sidebar__ancre&#8221;][vc_column_text el_class=&#8221;list_ancre&#8221;]<\/p>\n<ul>\n<li><a href=\"#procedure-steps\"><strong>Procedure steps<\/strong><\/a><\/li>\n<li><a href=\"#procedure-limits\"><strong>Procedure limits <\/strong><\/a><\/li>\n<li><a href=\"#lower-buttock-lift\"><strong>Lower buttock lift<\/strong><\/a><\/li>\n<li class=\"has_children\"><a href=\"#instructions\"><strong>Pre-operative instructions<\/strong><\/a>\n<ul>\n<li><a href=\"#common\"><strong>Common<\/strong><\/a><\/li>\n<li><a href=\"#specific\"><strong>Specific<\/strong><\/a><\/li>\n<\/ul>\n<\/li>\n<li><a href=\"#procedure-stages\"><strong>Procedure stages<\/strong><\/a><\/li>\n<li><a href=\"#after-surgery\"><strong>After surgery<\/strong><\/a><\/li>\n<li><a href=\"#risks\"><strong>Risks<\/strong><\/a><\/li>\n<li><a href=\"#mains-risks-are-the-following\"><strong>Mains risks are the following<\/strong><\/a><\/li>\n<li><a href=\"#long-term-result\"><strong>Long-term result<\/strong><\/a><\/li>\n<\/ul>\n<p>[\/vc_column_text][\/vc_column][vc_column width=&#8221;9\/12&#8243; el_class=&#8221;sidebar__content&#8221;][vc_column_text el_class=&#8221;box__item_ancre&#8221; el_id=&#8221;procedure-steps&#8221;]<\/p>\n<h2>Procedure steps<\/h2>\n<ul>\n<li>Dr. Petit will begin with questioning your medical and surgical histories, your weight and your size, as well as your tobacco consumption.<\/li>\n<li>He will listen to you in order to understand your discomfort and your specific requests.<\/li>\n<li>He will carry out a clinical examination in order to suggest the most appropriate strategy of treatment corresponding to your anatomy and to your request.<\/li>\n<li>Dr. Petit will provide information on the scar positioning, treatment process and procedure limits, post-operative recoveries as well as main risks, so as to make an informed decision.<\/li>\n<\/ul>\n<p>[\/vc_column_text][vc_column_text el_class=&#8221;box__item_ancre&#8221; el_id=&#8221;procedure-limits&#8221;]<\/p>\n<h2>Procedure limits<\/h2>\n<ul>\n<li>The lower buttock lift does not act on the cutaneous sagging of the buttocks (droopy buttocks), which will involve a buttock lift.<\/li>\n<\/ul>\n<p>[\/vc_column_text][vc_column_text el_class=&#8221;box__item_ancre&#8221; el_id=&#8221;lower-buttock-lift&#8221;]<\/p>\n<h2>Good candidates for a lower buttock lift are those<\/h2>\n<ul>\n<li>Having \u00ab banana rolls on the lower buttocks \u00bb characterized by unsightliness of the \u201cdouble furrow\u201d (presence of a second furrow beneath the natural fold of each buttock).<\/li>\n<li>Accepting the scarring price.<\/li>\n<li>And having understood the procedure limits.<\/li>\n<\/ul>\n<p>[\/vc_column_text][vc_column_text el_class=&#8221;box__item_ancre&#8221; el_id=&#8221;instructions&#8221;]<\/p>\n<h2>Pre-operative instructions<\/h2>\n<h3 id=\"common\">General pre-operative instructions relating to aesthetic surgery<\/h3>\n<ul>\n<li>Smoking cessation 1 month before and after the procedure.<\/li>\n<li>Discontinuation of medicines which increase bleeding 10 days before and after the procedure: aspirin, anti-inflammatory and anticoagulant medicines, vitamin E.`<\/li>\n<\/ul>\n<h3 id=\"specific\">Specific pre-operative instructions relating to the silhouette surgery<\/h3>\n<ul>\n<li>To be at your stable and ideal weight for 6 months at least.<\/li>\n<li>Discontinuation of oral contraception 1 month before the procedure in order to decrease the risk of thrombo-embolism (phlebitis and pulmonary embolism).<\/li>\n<li>Purchase of a compression garment.<\/li>\n<\/ul>\n<p>[\/vc_column_text][vc_row_inner el_class=&#8221;box__item_ancre&#8221; el_id=&#8221;procedure-stages&#8221;][vc_column_inner][vc_column_text]<\/p>\n<h2>Procedure stages<\/h2>\n<p>[\/vc_column_text][vc_column_text]Pre-operative markings are carried out by Dr. Petit before the procedure.<\/p>\n<p>This one can be achieved under general anesthesia requiring hospitalization of one night at the clinic. The out-patient basis (hospital discharge that very evening) is also possible according to the cases.<\/p>\n<p>The procedure consists in removing the excess cutaneous fat present underneath the buttock crease, and to tighten sagging skin on the back of the thighs.<\/p>\n<p>Two scars are necessary, concealed within the lower gluteal folds.<\/p>\n<p>The skin closure is performed with sub-cutaneous resorbable sutures.<\/p>\n<p>A dressing modeling the buttocks and the thighs is performed at the end of the procedure.[\/vc_column_text][vc_column_text]Je r\u00e9alise les dessins pr\u00e9 op\u00e9ratoires avant le d\u00e9but de l\u2019intervention. Celle-ci est effectu\u00e9e sous anesth\u00e9sie g\u00e9n\u00e9rale. L\u2019intervention consiste \u00e0 retirer l\u2019exc\u00e9dent cutan\u00e9o-graisseux situ\u00e9 en dessous des sillons sous fessiers, puis \u00e0 retendre la peau de la face post\u00e9rieure des cuisses.<\/p>\n<p>La fermeture cutan\u00e9e est faite avec des fils r\u00e9sorbables sous cutan\u00e9s. Un pansement modelant les cuisses et les fesses est r\u00e9alis\u00e9 en fin d\u2019intervention. L\u2019hospitalisation est ambulatoire (avec sortie le soir m\u00eame) ou n\u00e9cessite une nuit d\u2019observation \u00e0 la clinique selon les cas.[\/vc_column_text][\/vc_column_inner][\/vc_row_inner][vc_column_text el_class=&#8221;box__item_ancre&#8221; el_id=&#8221;after-surgery&#8221;]<\/p>\n<h2>What to expect after surgery<\/h2>\n<p>The lower buttock lift is a little or moderate painful procedure. Pains are well soothed by analgesics.<\/p>\n<p>Ecchymosis (bruises) are classical and subside within 2 to 3 weeks after the operation. An oedema (swelling) is constant and of variable duration, gradually subsiding within a few months.<\/p>\n<p>Daily nursing care after your shower with a soft soap are necessary over 15 days.<\/p>\n<p>Three preventive measures against phlebitis are established after the procedure: the affected leg elevated as well as the walk, the wearing of compression stockings and the daily injection of an anticoagulant (medicines which thin the blood) over 15 days.<\/p>\n<p>The sitting position is not recommended over 10 days to limit the cutaneous tension on the scar. The standing and lying positions should be preferred initially.<\/p>\n<p>The wearing of a compression garment is recommended during 1 month in order to reduce the post-operative \u0153dema.<\/p>\n<p>The resumption of daily activities is possible the day following the procedure.<\/p>\n<p>The resumption of professional activities is possible 10 days following the procedure.<\/p>\n<p>The resumption of sports activities can be done within 6 weeks following the operation.<br \/>\n[\/vc_column_text][vc_column_text el_class=&#8221;box__item_ancre&#8221; el_id=&#8221;risks&#8221;]<\/p>\n<h2>Procedure risks<\/h2>\n<p>The complications of a lower buttock lift are weak and will be mentioned by Dr. Petit during the consultation.[\/vc_column_text][vc_column_text el_class=&#8221;box__item_ancre&#8221; el_id=&#8221;mains-risks-are-the-following&#8221;]<\/p>\n<h2>Main risks are the following<\/h2>\n<p>In the first hours following the surgery:<\/p>\n<ul>\n<li>A haematoma (blood pooling), a rare complication requiring a<\/li>\n<li>revisionary process in order to drain it.<\/li>\n<\/ul>\n<p>In the post-operative month:<\/p>\n<ul>\n<li>Healing problems, resulting in one or several localized disunities (opening of the scar) requiring a directed healing.<\/li>\n<li>A seroma (collection of fluid), requiring a drainage in consultation.<\/li>\n<li>Transitory troubles of skin sensitivity.<\/li>\n<li>An infection, a cutaneous necrosis: rare complications.<\/li>\n<li>A phlebitis, a pulmonary embolism: exceptional complications with the preventive measures established previously.<\/li>\n<\/ul>\n<p>In the long term:<\/p>\n<ul>\n<li>A migration of the scar outside the lower buttock furrow.<\/li>\n<li>A pathological scarring (hypertrophic scars or keloids).<\/li>\n<\/ul>\n<p>[\/vc_column_text][vc_column_text el_class=&#8221;box__item_ancre&#8221; el_id=&#8221;long-term-result&#8221;]<\/p>\n<h2>Long-term result<\/h2>\n<p>The final result of a lower buttock lift is obtained between 3 to 6 months after the procedure, when the post-operative oedema has disappeared.<\/p>\n<p>The scars initially are inflammatory (red and swollen) the first months, then they will fade gradually without disappearing. The final aspect of your scar is not predictable and will be known at the end of the scarring maturation (between 1 and 2 years after the procedure). The result is long-lasting.<br \/>\n[\/vc_column_text][\/vc_column][\/vc_row][vc_row full_width=&#8221;stretch_row&#8221; el_class=&#8221;section__other&#8221; css=&#8221;.vc_custom_1556891882330{background-image: url(https:\/\/www.esthetique.paris\/wp-content\/uploads\/2019\/04\/interventions-chirurgie-silhouette-dr-petit-paris.jpg?id=895) !important;}&#8221;][vc_column][vc_column_text]<\/p>\n<h2>Other procedures for silhouette surgery:<\/h2>\n<ul>\n<li><a class=\"link_discover\" href=\"https:\/\/www.esthetique.paris\/en\/surgical-procedures\/body-contouring\/liposuction\/\"><strong>Liposuction<\/strong><\/a><\/li>\n<li><a class=\"link_discover\" href=\"https:\/\/www.esthetique.paris\/en\/surgical-procedures\/body-contouring\/abdominoplasty\/\"><strong>Tummy Tuck<\/strong><\/a><\/li>\n<li><a class=\"link_discover\" href=\"https:\/\/www.esthetique.paris\/en\/surgical-procedures\/body-contouring\/mini-abdominoplasty\/\"><strong>Mini Tummy Tuck<\/strong><\/a><\/li>\n<li><a class=\"link_discover\" href=\"https:\/\/www.esthetique.paris\/en\/surgical-procedures\/body-contouring\/body-lifts\/\"><strong>Body Lift<\/strong><\/a><\/li>\n<li><a class=\"link_discover\" href=\"https:\/\/www.esthetique.paris\/en\/surgical-procedures\/body-contouring\/arm-lift-surgery\/\"><strong>Arm Lift<\/strong><\/a><\/li>\n<li><a class=\"link_discover\" href=\"https:\/\/www.esthetique.paris\/en\/surgical-procedures\/body-contouring\/thigh-lift-surgery\/\"><strong>Thigh Lift<\/strong><\/a><\/li>\n<li><a class=\"link_discover\" href=\"https:\/\/www.esthetique.paris\/en\/surgical-procedures\/body-contouring\/buttock-augmentation-by-lipofilling\/\"><strong>Buttock augmentation by lipofilling<\/strong><\/a><\/li>\n<li><a class=\"link_discover\" href=\"https:\/\/www.esthetique.paris\/en\/surgical-procedures\/body-contouring\/buttock-implants\/\"><strong>Augmentation of the buttocks by implants<\/strong><\/a><\/li>\n<li><a class=\"link_discover\" href=\"https:\/\/www.esthetique.paris\/en\/surgical-procedures\/body-contouring\/the-buttock-lift\/\"><strong>Buttock Lifting<\/strong><\/a><\/li>\n<\/ul>\n<p>[\/vc_column_text][\/vc_column][\/vc_row]<\/p>\n<\/section>","protected":false},"excerpt":{"rendered":"<p>[vc_row full_width=&#8221;stretch_row&#8221; full_height=&#8221;yes&#8221; content_placement=&#8221;middle&#8221; el_id=&#8221;section_intervention&#8221;][vc_column width=&#8221;1\/2&#8243; el_class=&#8221;box_interv__text&#8221;][vc_column_text] Lower buttock lift Silhouette surgery Some patients are sometimes unhappy with fat rolls located underneath the buttocks, given that they can be visible under clothes. These fat rolls also known as \u00ab banana rolls on the lower buttocks \u00bb (owing to their shape) is often characterized by skin [&hellip;]<\/p>\n","protected":false},"author":4,"featured_media":0,"parent":1967,"menu_order":0,"comment_status":"open","ping_status":"closed","template":"","meta":{"footnotes":""},"class_list":["post-1852","page","type-page","status-publish","hentry"],"acf":[],"yoast_head":"<!-- This site is optimized with the Yoast SEO plugin v26.8 - https:\/\/yoast.com\/product\/yoast-seo-wordpress\/ -->\n<title>Lower buttock lift in Paris \u2013 Dr Arnaud Petit<\/title>\n<meta name=\"description\" content=\"Fat excess under your buttock can be visible through clothes. Underbutt lifting in Paris 17, near to Paris 8, Paris 9 and Paris 18 with Dr Arnaud Petit allows to remove those rolls and improve your silhouette\" \/>\n<meta name=\"robots\" content=\"index, follow, max-snippet:-1, max-image-preview:large, max-video-preview:-1\" \/>\n<link rel=\"canonical\" href=\"https:\/\/www.esthetique.paris\/en\/surgical-procedures\/body-contouring\/lower-buttock-lift\/\" \/>\n<meta property=\"og:locale\" content=\"en_US\" \/>\n<meta property=\"og:type\" content=\"article\" \/>\n<meta property=\"og:title\" content=\"Lower buttock lift in Paris \u2013 Dr Arnaud Petit\" \/>\n<meta property=\"og:description\" content=\"Fat excess under your buttock can be visible through clothes. Underbutt lifting in Paris 17, near to Paris 8, Paris 9 and Paris 18 with Dr Arnaud Petit allows to remove those rolls and improve your silhouette\" \/>\n<meta property=\"og:url\" content=\"https:\/\/www.esthetique.paris\/en\/surgical-procedures\/body-contouring\/lower-buttock-lift\/\" \/>\n<meta property=\"og:site_name\" content=\"Dr Arnaud Petit\" \/>\n<meta property=\"article:modified_time\" content=\"2024-10-18T16:12:06+00:00\" \/>\n<meta name=\"twitter:card\" content=\"summary_large_image\" \/>\n<meta name=\"twitter:label1\" content=\"Est. reading time\" \/>\n\t<meta name=\"twitter:data1\" content=\"6 minutes\" \/>\n<!-- \/ Yoast SEO plugin. -->","yoast_head_json":{"title":"Lower buttock lift in Paris \u2013 Dr Arnaud Petit","description":"Fat excess under your buttock can be visible through clothes. Underbutt lifting in Paris 17, near to Paris 8, Paris 9 and Paris 18 with Dr Arnaud Petit allows to remove those rolls and improve your silhouette","robots":{"index":"index","follow":"follow","max-snippet":"max-snippet:-1","max-image-preview":"max-image-preview:large","max-video-preview":"max-video-preview:-1"},"canonical":"https:\/\/www.esthetique.paris\/en\/surgical-procedures\/body-contouring\/lower-buttock-lift\/","og_locale":"en_US","og_type":"article","og_title":"Lower buttock lift in Paris \u2013 Dr Arnaud Petit","og_description":"Fat excess under your buttock can be visible through clothes. Underbutt lifting in Paris 17, near to Paris 8, Paris 9 and Paris 18 with Dr Arnaud Petit allows to remove those rolls and improve your silhouette","og_url":"https:\/\/www.esthetique.paris\/en\/surgical-procedures\/body-contouring\/lower-buttock-lift\/","og_site_name":"Dr Arnaud Petit","article_modified_time":"2024-10-18T16:12:06+00:00","twitter_card":"summary_large_image","twitter_misc":{"Est. reading time":"6 minutes"},"schema":{"@context":"https:\/\/schema.org","@graph":[{"@type":"WebPage","@id":"https:\/\/www.esthetique.paris\/en\/surgical-procedures\/body-contouring\/lower-buttock-lift\/","url":"https:\/\/www.esthetique.paris\/en\/surgical-procedures\/body-contouring\/lower-buttock-lift\/","name":"Lower buttock lift in Paris \u2013 Dr Arnaud Petit","isPartOf":{"@id":"https:\/\/www.esthetique.paris\/en\/#website"},"datePublished":"2019-12-19T12:47:32+00:00","dateModified":"2024-10-18T16:12:06+00:00","description":"Fat excess under your buttock can be visible through clothes. Underbutt lifting in Paris 17, near to Paris 8, Paris 9 and Paris 18 with Dr Arnaud Petit allows to remove those rolls and improve your silhouette","breadcrumb":{"@id":"https:\/\/www.esthetique.paris\/en\/surgical-procedures\/body-contouring\/lower-buttock-lift\/#breadcrumb"},"inLanguage":"en-US","potentialAction":[{"@type":"ReadAction","target":["https:\/\/www.esthetique.paris\/en\/surgical-procedures\/body-contouring\/lower-buttock-lift\/"]}]},{"@type":"BreadcrumbList","@id":"https:\/\/www.esthetique.paris\/en\/surgical-procedures\/body-contouring\/lower-buttock-lift\/#breadcrumb","itemListElement":[{"@type":"ListItem","position":1,"name":"Home","item":"https:\/\/www.esthetique.paris\/en\/"},{"@type":"ListItem","position":2,"name":"Surgical procedures","item":"https:\/\/www.esthetique.paris\/en\/surgical-procedures\/"},{"@type":"ListItem","position":3,"name":"Body contouring","item":"https:\/\/www.esthetique.paris\/en\/surgical-procedures\/body-contouring\/"},{"@type":"ListItem","position":4,"name":"Lower buttock lift"}]},{"@type":"WebSite","@id":"https:\/\/www.esthetique.paris\/en\/#website","url":"https:\/\/www.esthetique.paris\/en\/","name":"Dr Arnaud Petit","description":"Chirurgie plastique reconstructrice et esth\u00e9tique","potentialAction":[{"@type":"SearchAction","target":{"@type":"EntryPoint","urlTemplate":"https:\/\/www.esthetique.paris\/en\/?s={search_term_string}"},"query-input":{"@type":"PropertyValueSpecification","valueRequired":true,"valueName":"search_term_string"}}],"inLanguage":"en-US"}]}},"_links":{"self":[{"href":"https:\/\/www.esthetique.paris\/en\/wp-json\/wp\/v2\/pages\/1852","targetHints":{"allow":["GET"]}}],"collection":[{"href":"https:\/\/www.esthetique.paris\/en\/wp-json\/wp\/v2\/pages"}],"about":[{"href":"https:\/\/www.esthetique.paris\/en\/wp-json\/wp\/v2\/types\/page"}],"author":[{"embeddable":true,"href":"https:\/\/www.esthetique.paris\/en\/wp-json\/wp\/v2\/users\/4"}],"replies":[{"embeddable":true,"href":"https:\/\/www.esthetique.paris\/en\/wp-json\/wp\/v2\/comments?post=1852"}],"version-history":[{"count":0,"href":"https:\/\/www.esthetique.paris\/en\/wp-json\/wp\/v2\/pages\/1852\/revisions"}],"up":[{"embeddable":true,"href":"https:\/\/www.esthetique.paris\/en\/wp-json\/wp\/v2\/pages\/1967"}],"wp:attachment":[{"href":"https:\/\/www.esthetique.paris\/en\/wp-json\/wp\/v2\/media?parent=1852"}],"curies":[{"name":"wp","href":"https:\/\/api.w.org\/{rel}","templated":true}]}}